{"id":215,"date":"2020-04-13T11:18:50","date_gmt":"2020-04-13T11:18:50","guid":{"rendered":"http:\/\/abeneplacitomusica.com\/index.php\/services\/"},"modified":"2022-11-19T15:08:39","modified_gmt":"2022-11-19T15:08:39","slug":"repertorio","status":"publish","type":"page","link":"https:\/\/abeneplacitomusica.com\/index.php\/repertorio\/","title":{"rendered":"Repertorio"},"content":{"rendered":"\t\t<div data-elementor-type=\"wp-page\" data-elementor-id=\"215\" class=\"elementor elementor-215\">\n\t\t\t\t\t\t\t\t\t<section class=\"elementor-section elementor-top-section elementor-element elementor-element-1b0a5d33 elementor-section-boxed elementor-section-height-default elementor-section-height-default\" data-id=\"1b0a5d33\" data-element_type=\"section\" data-settings=\"{&quot;background_background&quot;:&quot;classic&quot;}\">\n\t\t\t\t\t\t\t<div class=\"elementor-background-overlay\"><\/div>\n\t\t\t\t\t\t\t<div class=\"elementor-container elementor-column-gap-default\">\n\t\t\t\t\t<div class=\"elementor-column elementor-col-100 elementor-top-column elementor-element elementor-element-1f841ba\" data-id=\"1f841ba\" data-element_type=\"column\">\n\t\t\t<div class=\"elementor-widget-wrap elementor-element-populated\">\n\t\t\t\t\t\t\t\t<div class=\"elementor-element elementor-element-365ba0bd elementor-widget elementor-widget-heading\" data-id=\"365ba0bd\" data-element_type=\"widget\" data-widget_type=\"heading.default\">\n\t\t\t\t<div class=\"elementor-widget-container\">\n\t\t\t<h1 class=\"elementor-heading-title elementor-size-default\">Repertorio<\/h1>\t\t<\/div>\n\t\t\t\t<\/div>\n\t\t\t\t<div class=\"elementor-element elementor-element-7002325 elementor-align-center elementor-invisible elementor-widget elementor-widget-button\" data-id=\"7002325\" data-element_type=\"widget\" data-settings=\"{&quot;_animation&quot;:&quot;fadeIn&quot;}\" data-widget_type=\"button.default\">\n\t\t\t\t<div class=\"elementor-widget-container\">\n\t\t\t\t\t<div class=\"elementor-button-wrapper\">\n\t\t\t<a class=\"elementor-button elementor-button-link elementor-size-sm\" href=\"http:\/\/abeneplacitomusica.com\">\n\t\t\t\t\t\t<span class=\"elementor-button-content-wrapper\">\n\t\t\t\t\t\t<span class=\"elementor-button-text\">Inicio<\/span>\n\t\t<\/span>\n\t\t\t\t\t<\/a>\n\t\t<\/div>\n\t\t\t\t<\/div>\n\t\t\t\t<\/div>\n\t\t\t\t\t<\/div>\n\t\t<\/div>\n\t\t\t\t\t\t\t<\/div>\n\t\t<\/section>\n\t\t\t\t<section class=\"elementor-section elementor-top-section elementor-element elementor-element-4d2c9e9 elementor-reverse-mobile elementor-section-boxed elementor-section-height-default elementor-section-height-default\" data-id=\"4d2c9e9\" data-element_type=\"section\" data-settings=\"{&quot;background_background&quot;:&quot;classic&quot;}\">\n\t\t\t\t\t\t<div class=\"elementor-container elementor-column-gap-no\">\n\t\t\t\t\t<div class=\"elementor-column elementor-col-50 elementor-top-column elementor-element elementor-element-1148300\" data-id=\"1148300\" data-element_type=\"column\">\n\t\t\t<div class=\"elementor-widget-wrap elementor-element-populated\">\n\t\t\t\t\t\t\t\t<div class=\"elementor-element elementor-element-5070b618 elementor-widget elementor-widget-heading\" data-id=\"5070b618\" data-element_type=\"widget\" data-widget_type=\"heading.default\">\n\t\t\t\t<div class=\"elementor-widget-container\">\n\t\t\t<h2 class=\"elementor-heading-title elementor-size-default\">Cl\u00e1sico<\/h2>\t\t<\/div>\n\t\t\t\t<\/div>\n\t\t\t\t<div class=\"elementor-element elementor-element-62d352e2 elementor-widget elementor-widget-text-editor\" data-id=\"62d352e2\" data-element_type=\"widget\" data-widget_type=\"text-editor.default\">\n\t\t\t\t<div class=\"elementor-widget-container\">\n\t\t\t\t\t\t\t<ul><li>Adagio Sol menor T. Albinoni<\/li><li>Air Suite 3. J. S. Bach<\/li><li>Ave Mar\u00eda. F. Schubert<\/li><li>Ave Verum. W. A. Mozart<\/li><li>Canon en Re mayor J. Pachelbel<\/li><li>Canticorum Jubilo. G. F. Haendel<\/li><li>Cerca de Ti, Se\u00f1or. L. Mason<\/li><li>Cantata 147. Jesu, joy of man\u2019s desiring. J. S. Bach<\/li><li>Entrada de la Reina de Saba. G.F. Haendel<\/li><li>G. H. Haendel<\/li><li>La primavera. A. Vivaldi<\/li><li>La Rejouissance. G.F. Haendel<\/li><li>Lascia ch\u2019io pianga. G. F. Haendel<\/li><li>Marcha Nupcial. F. Meldensson<\/li><li>Marcha Nupcial. R. Wagner<\/li><\/ul>\t\t\t\t\t\t<\/div>\n\t\t\t\t<\/div>\n\t\t\t\t\t<\/div>\n\t\t<\/div>\n\t\t\t\t<div class=\"elementor-column elementor-col-50 elementor-top-column elementor-element elementor-element-7285665\" data-id=\"7285665\" data-element_type=\"column\">\n\t\t\t<div class=\"elementor-widget-wrap elementor-element-populated\">\n\t\t\t\t\t\t\t\t<div class=\"elementor-element elementor-element-508aa5f0 elementor-widget elementor-widget-image\" data-id=\"508aa5f0\" data-element_type=\"widget\" data-widget_type=\"image.default\">\n\t\t\t\t<div class=\"elementor-widget-container\">\n\t\t\t\t\t\t\t\t\t\t\t\t\t\t\t<img decoding=\"async\" loading=\"lazy\" width=\"1024\" height=\"683\" src=\"https:\/\/abeneplacitomusica.com\/wp-content\/uploads\/2021\/06\/violins-musicians-orchestra-1838390-1024x683.jpg\" class=\"attachment-large size-large wp-image-368\" alt=\"violins, musicians, orchestra-1838390.jpg\" srcset=\"https:\/\/abeneplacitomusica.com\/wp-content\/uploads\/2021\/06\/violins-musicians-orchestra-1838390-1024x683.jpg 1024w, https:\/\/abeneplacitomusica.com\/wp-content\/uploads\/2021\/06\/violins-musicians-orchestra-1838390-300x200.jpg 300w, https:\/\/abeneplacitomusica.com\/wp-content\/uploads\/2021\/06\/violins-musicians-orchestra-1838390-768x512.jpg 768w, https:\/\/abeneplacitomusica.com\/wp-content\/uploads\/2021\/06\/violins-musicians-orchestra-1838390.jpg 1280w\" sizes=\"(max-width: 1024px) 100vw, 1024px\" \/>\t\t\t\t\t\t\t\t\t\t\t\t\t\t\t<\/div>\n\t\t\t\t<\/div>\n\t\t\t\t\t<\/div>\n\t\t<\/div>\n\t\t\t\t\t\t\t<\/div>\n\t\t<\/section>\n\t\t\t\t<section class=\"elementor-section elementor-top-section elementor-element elementor-element-3049b03 elementor-section-boxed elementor-section-height-default elementor-section-height-default\" data-id=\"3049b03\" data-element_type=\"section\">\n\t\t\t\t\t\t<div class=\"elementor-container elementor-column-gap-default\">\n\t\t\t\t\t<div class=\"elementor-column elementor-col-100 elementor-top-column elementor-element elementor-element-636f68d\" data-id=\"636f68d\" data-element_type=\"column\">\n\t\t\t<div class=\"elementor-widget-wrap elementor-element-populated\">\n\t\t\t\t\t\t\t\t<div class=\"elementor-element elementor-element-f1ed734 elementor-widget elementor-widget-wp-widget-media_audio\" data-id=\"f1ed734\" data-element_type=\"widget\" data-widget_type=\"wp-widget-media_audio.default\">\n\t\t\t\t<div class=\"elementor-widget-container\">\n\t\t\t<h5>Muestra: Canon de Pachelbel<\/h5><!--[if lt IE 9]><script>document.createElement('audio');<\/script><![endif]-->\n<audio class=\"wp-audio-shortcode\" id=\"audio-215-1\" preload=\"none\" style=\"width: 100%;\" controls=\"controls\"><source type=\"audio\/mpeg\" src=\"https:\/\/abeneplacitomusica.com\/wp-content\/uploads\/2021\/06\/WhatsApp-Audio-2021-05-09-at-19.36.48-_2_.mp3?_=1\" \/><source type=\"audio\/mpeg\" src=\"http:\/\/abeneplacitomusica.com\/wp-content\/uploads\/2021\/06\/WhatsApp-Audio-2021-05-09-at-19.36.48-_2_.mp3?_=1\" \/><a href=\"https:\/\/abeneplacitomusica.com\/wp-content\/uploads\/2021\/06\/WhatsApp-Audio-2021-05-09-at-19.36.48-_2_.mp3\">https:\/\/abeneplacitomusica.com\/wp-content\/uploads\/2021\/06\/WhatsApp-Audio-2021-05-09-at-19.36.48-_2_.mp3<\/a><\/audio>\t\t<\/div>\n\t\t\t\t<\/div>\n\t\t\t\t\t<\/div>\n\t\t<\/div>\n\t\t\t\t\t\t\t<\/div>\n\t\t<\/section>\n\t\t\t\t<section class=\"elementor-section elementor-top-section elementor-element elementor-element-9e09982 elementor-section-boxed elementor-section-height-default elementor-section-height-default\" data-id=\"9e09982\" data-element_type=\"section\" data-settings=\"{&quot;background_background&quot;:&quot;classic&quot;}\">\n\t\t\t\t\t\t<div class=\"elementor-container elementor-column-gap-no\">\n\t\t\t\t\t<div class=\"elementor-column elementor-col-50 elementor-top-column elementor-element elementor-element-4b9de95\" data-id=\"4b9de95\" data-element_type=\"column\">\n\t\t\t<div class=\"elementor-widget-wrap elementor-element-populated\">\n\t\t\t\t\t\t\t\t<div class=\"elementor-element elementor-element-1fab74e0 elementor-widget elementor-widget-image\" data-id=\"1fab74e0\" data-element_type=\"widget\" data-widget_type=\"image.default\">\n\t\t\t\t<div class=\"elementor-widget-container\">\n\t\t\t\t\t\t\t\t\t\t\t\t\t\t\t<img decoding=\"async\" loading=\"lazy\" width=\"1024\" height=\"576\" src=\"https:\/\/abeneplacitomusica.com\/wp-content\/uploads\/2021\/06\/cinema-canvas-steamed-2093264-1024x576.jpg\" class=\"attachment-large size-large wp-image-369\" alt=\"cinema, canvas, steamed-2093264.jpg\" srcset=\"https:\/\/abeneplacitomusica.com\/wp-content\/uploads\/2021\/06\/cinema-canvas-steamed-2093264-1024x576.jpg 1024w, https:\/\/abeneplacitomusica.com\/wp-content\/uploads\/2021\/06\/cinema-canvas-steamed-2093264-300x169.jpg 300w, https:\/\/abeneplacitomusica.com\/wp-content\/uploads\/2021\/06\/cinema-canvas-steamed-2093264-768x432.jpg 768w, https:\/\/abeneplacitomusica.com\/wp-content\/uploads\/2021\/06\/cinema-canvas-steamed-2093264.jpg 1280w\" sizes=\"(max-width: 1024px) 100vw, 1024px\" \/>\t\t\t\t\t\t\t\t\t\t\t\t\t\t\t<\/div>\n\t\t\t\t<\/div>\n\t\t\t\t\t<\/div>\n\t\t<\/div>\n\t\t\t\t<div class=\"elementor-column elementor-col-50 elementor-top-column elementor-element elementor-element-ddc17dc\" data-id=\"ddc17dc\" data-element_type=\"column\">\n\t\t\t<div class=\"elementor-widget-wrap elementor-element-populated\">\n\t\t\t\t\t\t\t\t<div class=\"elementor-element elementor-element-d8c8a33 elementor-widget elementor-widget-heading\" data-id=\"d8c8a33\" data-element_type=\"widget\" data-widget_type=\"heading.default\">\n\t\t\t\t<div class=\"elementor-widget-container\">\n\t\t\t<h2 class=\"elementor-heading-title elementor-size-default\">Bandas Sonoras (BSO)<\/h2>\t\t<\/div>\n\t\t\t\t<\/div>\n\t\t\t\t<div class=\"elementor-element elementor-element-3437ae6 elementor-widget elementor-widget-text-editor\" data-id=\"3437ae6\" data-element_type=\"widget\" data-widget_type=\"text-editor.default\">\n\t\t\t\t<div class=\"elementor-widget-container\">\n\t\t\t\t\t\t\t<ul><li>BSO LOS BRIDGERTON. Wildest Dreams. Duomo<\/li><li>BSO BRAVEHEART. Fort he love of a princess. J. Horner<\/li><li>BSO DESAYUNO CON DIAMANTES. Moon river. E. N. Mancini<\/li><li>BSO EL GOLPE. The Entertainer. M. Hamslisch<\/li><li>BSO EL MAGO DE OZ. Somewhere over the rainbow. H. Arlen<\/li><li>BSO EL \u00daLTIMO MOHICANO. T. Jones<\/li><li>BSO LA MISI\u00d3N. El oboe de Gabriel. E. Morricone<\/li><li>BSO LA VIDA ES BELLA. Vita \u00e9 bela. N. Piovani<\/li><li>BSO TITANIC. My heart will go on. J. Horner<\/li><li>BSO THE HOLIDAY. Maestro. H. Zimmer<\/li><\/ul>\t\t\t\t\t\t<\/div>\n\t\t\t\t<\/div>\n\t\t\t\t\t<\/div>\n\t\t<\/div>\n\t\t\t\t\t\t\t<\/div>\n\t\t<\/section>\n\t\t\t\t<section class=\"elementor-section elementor-top-section elementor-element elementor-element-6027d0f elementor-reverse-mobile elementor-section-boxed elementor-section-height-default elementor-section-height-default\" data-id=\"6027d0f\" data-element_type=\"section\" data-settings=\"{&quot;background_background&quot;:&quot;classic&quot;}\">\n\t\t\t\t\t\t<div class=\"elementor-container elementor-column-gap-no\">\n\t\t\t\t\t<div class=\"elementor-column elementor-col-50 elementor-top-column elementor-element elementor-element-355c572\" data-id=\"355c572\" data-element_type=\"column\">\n\t\t\t<div class=\"elementor-widget-wrap elementor-element-populated\">\n\t\t\t\t\t\t\t\t<div class=\"elementor-element elementor-element-8b4473b elementor-widget elementor-widget-heading\" data-id=\"8b4473b\" data-element_type=\"widget\" data-widget_type=\"heading.default\">\n\t\t\t\t<div class=\"elementor-widget-container\">\n\t\t\t<h2 class=\"elementor-heading-title elementor-size-default\">Actualidad<\/h2>\t\t<\/div>\n\t\t\t\t<\/div>\n\t\t\t\t<div class=\"elementor-element elementor-element-8962406 elementor-widget elementor-widget-text-editor\" data-id=\"8962406\" data-element_type=\"widget\" data-widget_type=\"text-editor.default\">\n\t\t\t\t<div class=\"elementor-widget-container\">\n\t\t\t\t\t\t\t<ul><li>All of me. J. Legend<\/li><li>R. Williams<\/li><li>Hallelujah L. Cohen<\/li><li>Hasta mi final. Il divo<\/li><li>I\u2019m yours. J. Mraz<\/li><li>J. Arthur<\/li><li>Nothing else matters. Metallica<\/li><li>Por una cabeza. C. Gardel<\/li><li>River flows in you. Yiruma<\/li><li>Someone like you. Adele<\/li><li>Stand by me. Ben E. King<\/li><li>Viva la vida. Coldplay<\/li><li>A Thousand Years. Christina Perri<\/li><li>Perfect. Ed Sheeran<\/li><\/ul>\t\t\t\t\t\t<\/div>\n\t\t\t\t<\/div>\n\t\t\t\t\t<\/div>\n\t\t<\/div>\n\t\t\t\t<div class=\"elementor-column elementor-col-50 elementor-top-column elementor-element elementor-element-623a32c\" data-id=\"623a32c\" data-element_type=\"column\">\n\t\t\t<div class=\"elementor-widget-wrap elementor-element-populated\">\n\t\t\t\t\t\t\t\t<div class=\"elementor-element elementor-element-628e670 elementor-widget elementor-widget-image\" data-id=\"628e670\" data-element_type=\"widget\" data-widget_type=\"image.default\">\n\t\t\t\t<div class=\"elementor-widget-container\">\n\t\t\t\t\t\t\t\t\t\t\t\t\t\t\t<img decoding=\"async\" loading=\"lazy\" width=\"1024\" height=\"576\" src=\"https:\/\/abeneplacitomusica.com\/wp-content\/uploads\/2021\/06\/band-music-live-music-4671748-1024x576.jpg\" class=\"attachment-large size-large wp-image-370\" alt=\"band, music, live music-4671748.jpg\" srcset=\"https:\/\/abeneplacitomusica.com\/wp-content\/uploads\/2021\/06\/band-music-live-music-4671748-1024x576.jpg 1024w, https:\/\/abeneplacitomusica.com\/wp-content\/uploads\/2021\/06\/band-music-live-music-4671748-300x169.jpg 300w, https:\/\/abeneplacitomusica.com\/wp-content\/uploads\/2021\/06\/band-music-live-music-4671748-768x432.jpg 768w, https:\/\/abeneplacitomusica.com\/wp-content\/uploads\/2021\/06\/band-music-live-music-4671748.jpg 1280w\" sizes=\"(max-width: 1024px) 100vw, 1024px\" \/>\t\t\t\t\t\t\t\t\t\t\t\t\t\t\t<\/div>\n\t\t\t\t<\/div>\n\t\t\t\t\t<\/div>\n\t\t<\/div>\n\t\t\t\t\t\t\t<\/div>\n\t\t<\/section>\n\t\t\t\t<section class=\"elementor-section elementor-top-section elementor-element elementor-element-9904497 elementor-section-boxed elementor-section-height-default elementor-section-height-default\" data-id=\"9904497\" data-element_type=\"section\">\n\t\t\t\t\t\t<div class=\"elementor-container elementor-column-gap-default\">\n\t\t\t\t\t<div class=\"elementor-column elementor-col-100 elementor-top-column elementor-element elementor-element-287d2ce\" data-id=\"287d2ce\" data-element_type=\"column\">\n\t\t\t<div class=\"elementor-widget-wrap elementor-element-populated\">\n\t\t\t\t\t\t\t\t<div class=\"elementor-element elementor-element-51d9b5c elementor-widget elementor-widget-wp-widget-media_audio\" data-id=\"51d9b5c\" data-element_type=\"widget\" data-widget_type=\"wp-widget-media_audio.default\">\n\t\t\t\t<div class=\"elementor-widget-container\">\n\t\t\t<h5>Muestra: Viva La Vida<\/h5><audio class=\"wp-audio-shortcode\" id=\"audio-215-2\" preload=\"none\" style=\"width: 100%;\" controls=\"controls\"><source type=\"audio\/mpeg\" src=\"https:\/\/abeneplacitomusica.com\/wp-content\/uploads\/2021\/06\/WhatsApp-Audio-2021-05-09-at-19.36.49-_1_-1.mp3?_=2\" \/><source type=\"audio\/mpeg\" src=\"http:\/\/abeneplacitomusica.com\/wp-content\/uploads\/2021\/06\/WhatsApp-Audio-2021-05-09-at-19.36.49-_1_-1.mp3?_=2\" \/><a href=\"https:\/\/abeneplacitomusica.com\/wp-content\/uploads\/2021\/06\/WhatsApp-Audio-2021-05-09-at-19.36.49-_1_-1.mp3\">https:\/\/abeneplacitomusica.com\/wp-content\/uploads\/2021\/06\/WhatsApp-Audio-2021-05-09-at-19.36.49-_1_-1.mp3<\/a><\/audio>\t\t<\/div>\n\t\t\t\t<\/div>\n\t\t\t\t\t<\/div>\n\t\t<\/div>\n\t\t\t\t\t\t\t<\/div>\n\t\t<\/section>\n\t\t\t\t\t\t\t<\/div>\n\t\t","protected":false},"excerpt":{"rendered":"<p>Repertorio Inicio Cl\u00e1sico Adagio Sol menor T. Albinoni Air Suite 3. J. S. Bach Ave Mar\u00eda. F. Schubert Ave Verum. W. A. Mozart Canon en Re mayor J. Pachelbel Canticorum Jubilo. G. F. Haendel Cerca de Ti, Se\u00f1or. L. Mason Cantata 147. Jesu, joy of man\u2019s desiring. J. S. Bach Entrada de la Reina de &hellip;<\/p>\n<p class=\"read-more\"> <a class=\"\" href=\"https:\/\/abeneplacitomusica.com\/index.php\/repertorio\/\"> <span class=\"screen-reader-text\">Repertorio<\/span> Leer m\u00e1s &raquo;<\/a><\/p>\n","protected":false},"author":1,"featured_media":0,"parent":0,"menu_order":0,"comment_status":"closed","ping_status":"closed","template":"","meta":{"footnotes":""},"_links":{"self":[{"href":"https:\/\/abeneplacitomusica.com\/index.php\/wp-json\/wp\/v2\/pages\/215"}],"collection":[{"href":"https:\/\/abeneplacitomusica.com\/index.php\/wp-json\/wp\/v2\/pages"}],"about":[{"href":"https:\/\/abeneplacitomusica.com\/index.php\/wp-json\/wp\/v2\/types\/page"}],"author":[{"embeddable":true,"href":"https:\/\/abeneplacitomusica.com\/index.php\/wp-json\/wp\/v2\/users\/1"}],"replies":[{"embeddable":true,"href":"https:\/\/abeneplacitomusica.com\/index.php\/wp-json\/wp\/v2\/comments?post=215"}],"version-history":[{"count":48,"href":"https:\/\/abeneplacitomusica.com\/index.php\/wp-json\/wp\/v2\/pages\/215\/revisions"}],"predecessor-version":[{"id":592,"href":"https:\/\/abeneplacitomusica.com\/index.php\/wp-json\/wp\/v2\/pages\/215\/revisions\/592"}],"wp:attachment":[{"href":"https:\/\/abeneplacitomusica.com\/index.php\/wp-json\/wp\/v2\/media?parent=215"}],"curies":[{"name":"wp","href":"https:\/\/api.w.org\/{rel}","templated":true}]}}